{"id":1098,"date":"2024-02-09T09:48:31","date_gmt":"2024-02-09T09:48:31","guid":{"rendered":"https:\/\/apartmanipetar.flavors.esy.es\/?page_id=1098"},"modified":"2024-04-06T13:25:06","modified_gmt":"2024-04-06T13:25:06","slug":"menu-3","status":"publish","type":"page","link":"https:\/\/apartmanipetar.flavors.esy.es\/index.php\/fr\/menu-3\/","title":{"rendered":"Menu"},"content":{"rendered":"\n<div class=\"wp-block-group alignwide has-global-padding is-layout-constrained wp-block-group-is-layout-constrained\">\n<p class=\"has-text-align-center\">Merci d&#8217;avoir choisi le Studio Petar pour votre h\u00e9bergement pendant votre s\u00e9jour \u00e0 Split.<\/p>\n\n\n\n<p class=\"has-text-align-center\">Nous avons pr\u00e9par\u00e9 pour vous quelques informations qui, selon nous, pourraient \u00eatre utiles.<\/p>\n\n\n\n<p class=\"has-text-align-center\">J&#8217;esp\u00e8re que vous l&#8217;appr\u00e9cierez et emporterez avec vous des souvenirs inoubliables de notre belle ville.<\/p>\n\n\n\n<h3 class=\"wp-block-heading has-text-align-center\"><strong>R\u00e9seau:\u00a0<mark style=\"background-color:rgba(0, 0, 0, 0);color:#1b1bc7\" class=\"has-inline-color\">petar<\/mark><\/strong><br><strong>Mot de passe:\u00a0<mark style=\"background-color:rgba(0, 0, 0, 0);color:#1b1bc7\" class=\"has-inline-color\">gspvi2006<\/mark><\/strong><br><strong>Contact:\u00a0<mark style=\"background-color:rgba(0, 0, 0, 0);color:#1b1bc7\" class=\"has-inline-color\">+385 95 909 4275<\/mark><br>Personne de contact:\u00a0<mark style=\"background-color:rgba(0, 0, 0, 0);color:#1b1bc7\" class=\"has-inline-color\">Slaven<\/mark><\/strong><\/h3>\n\n\n\n<div class=\"wp-block-buttons alignwide has-custom-font-size has-large-font-size is-content-justification-center is-layout-flex wp-container-core-buttons-layout-1 wp-block-buttons-is-layout-flex\">\n<div class=\"wp-block-button\"><a class=\"wp-block-button__link wp-element-button\" href=\"http:\/\/apartmanipetar.flavors.esy.es\/index.php\/izaberi-jezik\/\">Page d&#8217;accueil<\/a><\/div>\n<\/div>\n<\/div>\n\n\n\n<div class=\"wp-block-columns are-vertically-aligned-bottom is-layout-flex wp-container-core-columns-layout-2 wp-block-columns-is-layout-flex\">\n<div class=\"wp-block-column is-vertically-aligned-bottom is-layout-flow wp-block-column-is-layout-flow\">\n<div class=\"wp-block-columns is-layout-flex wp-container-core-columns-layout-1 wp-block-columns-is-layout-flex\">\n<div class=\"wp-block-column is-layout-flow wp-block-column-is-layout-flow\" style=\"flex-basis:100%\">\n<div class=\"wp-block-buttons is-content-justification-center is-layout-flex wp-container-core-buttons-layout-2 wp-block-buttons-is-layout-flex\">\n<div class=\"wp-block-button has-custom-font-size\" style=\"font-size:12px\"><a class=\"wp-block-button__link wp-element-button\" href=\"https:\/\/apartmanipetar.flavors.esy.es\/index.php\/fr\/equipement\/\">\u00c9quipement<\/a><\/div>\n\n\n\n<div class=\"wp-block-button has-custom-width wp-block-button__width-50 has-custom-font-size\" style=\"font-size:12px\"><a class=\"wp-block-button__link wp-element-button\" href=\"https:\/\/apartmanipetar.flavors.esy.es\/index.php\/fr\/des-restaurants-authentiques\/\">Restaurants<\/a><\/div>\n\n\n\n<div class=\"wp-block-button has-custom-font-size\" style=\"font-size:12px\"><a class=\"wp-block-button__link wp-element-button\" href=\"https:\/\/apartmanipetar.flavors.esy.es\/index.php\/fr\/musees-a-proximite\/\">Mus\u00e9es<\/a><\/div>\n\n\n\n<div class=\"wp-block-button has-custom-font-size\" style=\"font-size:12px\"><a class=\"wp-block-button__link wp-element-button\" href=\"https:\/\/apartmanipetar.flavors.esy.es\/index.php\/fr\/excursions-2\/\">Excursions<\/a><\/div>\n\n\n\n<div class=\"wp-block-button\"><a class=\"wp-block-button__link wp-element-button\" href=\"https:\/\/apartmanipetar.flavors.esy.es\/index.php\/fr\/louer-une-voiture\/\">Rent a Car<\/a><\/div>\n<\/div>\n<\/div>\n<\/div>\n<\/div>\n\n\n\n<div class=\"wp-block-column is-vertically-aligned-bottom is-layout-flow wp-block-column-is-layout-flow\">\n<div class=\"wp-block-buttons is-content-justification-center is-layout-flex wp-container-core-buttons-layout-3 wp-block-buttons-is-layout-flex\">\n<div class=\"wp-block-button\"><a class=\"wp-block-button__link wp-element-button\" href=\"http:\/\/apartmanipetar.flavors.esy.es\/index.php\/fr\/ferry\/\">Traversier<\/a><\/div>\n\n\n\n<div class=\"wp-block-button\"><a class=\"wp-block-button__link wp-element-button\" href=\"https:\/\/apartmanipetar.flavors.esy.es\/index.php\/fr\/taxi-5\/\">Taxi<\/a><\/div>\n\n\n\n<div class=\"wp-block-button\"><a class=\"wp-block-button__link wp-element-button\" href=\"https:\/\/apartmanipetar.flavors.esy.es\/index.php\/fr\/bagage\/\">Bagage<\/a><\/div>\n<\/div>\n<\/div>\n<\/div>\n","protected":false},"excerpt":{"rendered":"<p>Merci d&#8217;avoir choisi le Studio Petar pour votre h\u00e9bergement pendant votre s\u00e9jour \u00e0 Split. Nous avons pr\u00e9par\u00e9 pour vous quelques informations qui, selon nous, pourraient \u00eatre utiles. J&#8217;esp\u00e8re que vous l&#8217;appr\u00e9cierez et emporterez avec vous des souvenirs inoubliables de notre belle ville. R\u00e9seau:\u00a0petarMot de passe:\u00a0gspvi2006Contact:\u00a0+385 95 909 4275Personne de contact:\u00a0Slaven<\/p>\n","protected":false},"author":2,"featured_media":0,"parent":0,"menu_order":0,"comment_status":"closed","ping_status":"closed","template":"","meta":{"footnotes":""},"_links":{"self":[{"href":"https:\/\/apartmanipetar.flavors.esy.es\/index.php\/wp-json\/wp\/v2\/pages\/1098"}],"collection":[{"href":"https:\/\/apartmanipetar.flavors.esy.es\/index.php\/wp-json\/wp\/v2\/pages"}],"about":[{"href":"https:\/\/apartmanipetar.flavors.esy.es\/index.php\/wp-json\/wp\/v2\/types\/page"}],"author":[{"embeddable":true,"href":"https:\/\/apartmanipetar.flavors.esy.es\/index.php\/wp-json\/wp\/v2\/users\/2"}],"replies":[{"embeddable":true,"href":"https:\/\/apartmanipetar.flavors.esy.es\/index.php\/wp-json\/wp\/v2\/comments?post=1098"}],"version-history":[{"count":12,"href":"https:\/\/apartmanipetar.flavors.esy.es\/index.php\/wp-json\/wp\/v2\/pages\/1098\/revisions"}],"predecessor-version":[{"id":1446,"href":"https:\/\/apartmanipetar.flavors.esy.es\/index.php\/wp-json\/wp\/v2\/pages\/1098\/revisions\/1446"}],"wp:attachment":[{"href":"https:\/\/apartmanipetar.flavors.esy.es\/index.php\/wp-json\/wp\/v2\/media?parent=1098"}],"curies":[{"name":"wp","href":"https:\/\/api.w.org\/{rel}","templated":true}]}}