{"id":1492,"date":"2024-04-14T20:26:14","date_gmt":"2024-04-14T20:26:14","guid":{"rendered":"https:\/\/apartmanipetar.flavors.esy.es\/?page_id=1492"},"modified":"2024-04-14T21:10:49","modified_gmt":"2024-04-14T21:10:49","slug":"musei-nelle-vicinanze","status":"publish","type":"page","link":"https:\/\/apartmanipetar.flavors.esy.es\/index.php\/en\/musei-nelle-vicinanze\/","title":{"rendered":"Musei nelle vicinanze"},"content":{"rendered":"\n<p class=\"has-text-align-center\"><strong>Museum of the city of Split , Papali\u0107eva 1, (8 min walk)<\/strong><\/p>\n\n\n\n<div class=\"wp-block-columns are-vertically-aligned-center is-not-stacked-on-mobile is-layout-flex wp-container-core-columns-layout-1 wp-block-columns-is-layout-flex\">\n<div class=\"wp-block-column is-vertically-aligned-center is-layout-flow wp-block-column-is-layout-flow\">\n<figure class=\"wp-block-image aligncenter size-full is-resized\"><a href=\"https:\/\/www.google.com\/maps\/dir\/Vickotina+ulica+13,+21000,+Split\/Muzej+grada+Splita-Podrumi+Dioklecijanove+Pala%C4%8De,+Papali%C4%87eva+ul.+1,+21000,+Split\/@43.5079133,16.440079,17z\/data=!3m1!4b1!4m14!4m13!1m5!1m1!1s0x13355e010a0bdb8d:0x82b9a9abfc20b2ff!2m2!1d16.4447052!2d43.5071178!1m5!1m1!1s0x13355e009eea2e89:0x43984f7e15a0dedc!2m2!1d16.4407485!2d43.5087862!3e2?authuser=0&amp;entry=ttu\"><img loading=\"lazy\" decoding=\"async\" width=\"292\" height=\"202\" src=\"https:\/\/apartmanipetar.flavors.esy.es\/wp-content\/uploads\/2024\/01\/SlikaMU1.png\" alt=\"\" class=\"wp-image-467\" style=\"width:133px\"\/><\/a><\/figure>\n<\/div>\n\n\n\n<div class=\"wp-block-column is-vertically-aligned-center is-layout-flow wp-block-column-is-layout-flow\">\n<figure class=\"wp-block-image aligncenter size-full is-resized\"><a href=\"https:\/\/www.mgs.hr\/\"><img loading=\"lazy\" decoding=\"async\" width=\"178\" height=\"157\" src=\"https:\/\/apartmanipetar.flavors.esy.es\/wp-content\/uploads\/2024\/01\/SlikaMU2.png\" alt=\"\" class=\"wp-image-468\" style=\"width:122px\"\/><\/a><\/figure>\n<\/div>\n<\/div>\n\n\n\n<p class=\"has-text-align-center\"><strong>Ethnographic Museum Split,                       Iza vestibula 4<\/strong>, <strong>(9 min walk)<\/strong><\/p>\n\n\n\n<div class=\"wp-block-columns are-vertically-aligned-center is-not-stacked-on-mobile is-layout-flex wp-container-core-columns-layout-2 wp-block-columns-is-layout-flex\">\n<div class=\"wp-block-column is-vertically-aligned-center is-layout-flow wp-block-column-is-layout-flow\">\n<figure class=\"wp-block-image aligncenter size-full is-resized\"><a href=\"https:\/\/etnografski-muzej-split.hr\/en\/\"><img loading=\"lazy\" decoding=\"async\" width=\"167\" height=\"168\" src=\"https:\/\/apartmanipetar.flavors.esy.es\/wp-content\/uploads\/2024\/01\/SlikaMU4.png\" alt=\"\" class=\"wp-image-469\" style=\"width:122px\" srcset=\"https:\/\/apartmanipetar.flavors.esy.es\/wp-content\/uploads\/2024\/01\/SlikaMU4.png 167w, https:\/\/apartmanipetar.flavors.esy.es\/wp-content\/uploads\/2024\/01\/SlikaMU4-150x150.png 150w\" sizes=\"(max-width: 167px) 100vw, 167px\" \/><\/a><\/figure>\n<\/div>\n\n\n\n<div class=\"wp-block-column is-vertically-aligned-center is-layout-flow wp-block-column-is-layout-flow\">\n<figure class=\"wp-block-image aligncenter size-full is-resized\"><a href=\"https:\/\/www.google.com\/maps\/dir\/Vickotina+ulica+13,+21000,+Split\/Etnografski+muzej+Split,+Ulica+Iza+Vestibula,+Split\/@43.5079133,16.4394674,17z\/data=!3m1!4b1!4m14!4m13!1m5!1m1!1s0x13355e010a0bdb8d:0x82b9a9abfc20b2ff!2m2!1d16.4447052!2d43.5071178!1m5!1m1!1s0x13355dffd2336861:0x16fb93c4dbf31860!2m2!1d16.440016!2d43.5078003!3e2?authuser=0&amp;entry=ttu\"><img loading=\"lazy\" decoding=\"async\" width=\"378\" height=\"206\" src=\"https:\/\/apartmanipetar.flavors.esy.es\/wp-content\/uploads\/2024\/01\/SlikaMU3.png\" alt=\"\" class=\"wp-image-470\" style=\"object-fit:cover;width:133px;height:90px\" srcset=\"https:\/\/apartmanipetar.flavors.esy.es\/wp-content\/uploads\/2024\/01\/SlikaMU3.png 378w, https:\/\/apartmanipetar.flavors.esy.es\/wp-content\/uploads\/2024\/01\/SlikaMU3-300x163.png 300w\" sizes=\"(max-width: 378px) 100vw, 378px\" \/><\/a><\/figure>\n<\/div>\n<\/div>\n\n\n\n<p class=\"has-text-align-center\"><strong>Game of trones museum Split, &nbsp;Bosanska ulica 9<\/strong>, <strong>(9 min walk)<\/strong> <\/p>\n\n\n\n<div class=\"wp-block-columns are-vertically-aligned-center is-not-stacked-on-mobile is-layout-flex wp-container-core-columns-layout-3 wp-block-columns-is-layout-flex\">\n<div class=\"wp-block-column is-vertically-aligned-center is-layout-flow wp-block-column-is-layout-flow\">\n<figure class=\"wp-block-image aligncenter size-full is-resized\"><a href=\"https:\/\/www.google.com\/maps\/dir\/Vickotina+ulica+13,+21000,+Split\/Game+of+Thrones+Museum,+Bosanska+ulica,+Split\/@43.5087279,16.4394526,17z\/data=!4m14!4m13!1m5!1m1!1s0x13355e010a0bdb8d:0x82b9a9abfc20b2ff!2m2!1d16.4447052!2d43.5071178!1m5!1m1!1s0x13355d28bc67b153:0xfec679668c479f7e!2m2!1d16.4393216!2d43.509433!3e2?authuser=0&amp;entry=ttu\"><img loading=\"lazy\" decoding=\"async\" width=\"313\" height=\"207\" src=\"https:\/\/apartmanipetar.flavors.esy.es\/wp-content\/uploads\/2024\/01\/SlikaMU5-1.png\" alt=\"\" class=\"wp-image-475\" style=\"width:133px\" srcset=\"https:\/\/apartmanipetar.flavors.esy.es\/wp-content\/uploads\/2024\/01\/SlikaMU5-1.png 313w, https:\/\/apartmanipetar.flavors.esy.es\/wp-content\/uploads\/2024\/01\/SlikaMU5-1-300x198.png 300w\" sizes=\"(max-width: 313px) 100vw, 313px\" \/><\/a><\/figure>\n<\/div>\n\n\n\n<div class=\"wp-block-column is-vertically-aligned-center is-layout-flow wp-block-column-is-layout-flow\">\n<figure class=\"wp-block-image aligncenter size-full is-resized\"><a href=\"https:\/\/www.tripadvisor.com\/Attraction_Review-g295370-d17434683-Reviews-Game_of_Thrones_Museum_Split-Split_Split_Dalmatia_County_Dalmatia.html\"><img loading=\"lazy\" decoding=\"async\" width=\"171\" height=\"171\" src=\"https:\/\/apartmanipetar.flavors.esy.es\/wp-content\/uploads\/2024\/01\/SlikaMU6-1.png\" alt=\"\" class=\"wp-image-476\" style=\"width:122px\" srcset=\"https:\/\/apartmanipetar.flavors.esy.es\/wp-content\/uploads\/2024\/01\/SlikaMU6-1.png 171w, https:\/\/apartmanipetar.flavors.esy.es\/wp-content\/uploads\/2024\/01\/SlikaMU6-1-150x150.png 150w\" sizes=\"(max-width: 171px) 100vw, 171px\" \/><\/a><\/figure>\n<\/div>\n<\/div>\n\n\n\n<p class=\"has-text-align-center\"><strong>Diocletians Dream (VR Experience), Zagreba\u010dka ulica 1, 21000, Split,<\/strong> <strong>(7 min walk)<\/strong> <\/p>\n\n\n\n<div class=\"wp-block-columns are-vertically-aligned-center is-not-stacked-on-mobile is-layout-flex wp-container-core-columns-layout-4 wp-block-columns-is-layout-flex\">\n<div class=\"wp-block-column is-vertically-aligned-center is-layout-flow wp-block-column-is-layout-flow\">\n<figure class=\"wp-block-image aligncenter size-large is-resized\"><a href=\"https:\/\/diocletiansdream.com\/\"><img loading=\"lazy\" decoding=\"async\" width=\"1024\" height=\"1024\" src=\"https:\/\/apartmanipetar.flavors.esy.es\/wp-content\/uploads\/2024\/01\/SlikaMU7-1024x1024.png\" alt=\"\" class=\"wp-image-477\" style=\"width:122px\" srcset=\"https:\/\/apartmanipetar.flavors.esy.es\/wp-content\/uploads\/2024\/01\/SlikaMU7-1024x1024.png 1024w, https:\/\/apartmanipetar.flavors.esy.es\/wp-content\/uploads\/2024\/01\/SlikaMU7-300x300.png 300w, https:\/\/apartmanipetar.flavors.esy.es\/wp-content\/uploads\/2024\/01\/SlikaMU7-150x150.png 150w, https:\/\/apartmanipetar.flavors.esy.es\/wp-content\/uploads\/2024\/01\/SlikaMU7-768x768.png 768w, https:\/\/apartmanipetar.flavors.esy.es\/wp-content\/uploads\/2024\/01\/SlikaMU7.png 1155w\" sizes=\"(max-width: 1024px) 100vw, 1024px\" \/><\/a><\/figure>\n<\/div>\n\n\n\n<div class=\"wp-block-column is-vertically-aligned-center is-layout-flow wp-block-column-is-layout-flow\">\n<figure class=\"wp-block-image aligncenter size-full is-resized\"><a href=\"https:\/\/www.google.com\/maps\/dir\/Vickotina+ulica+13,+21000,+Split\/Diocletians+Dream+(VR+Experience),+Zagreba%C4%8Dka+ulica,+Split\/@43.5085302,16.4405923,16.75z\/data=!4m14!4m13!1m5!1m1!1s0x13355e010a0bdb8d:0x82b9a9abfc20b2ff!2m2!1d16.4447052!2d43.5071178!1m5!1m1!1s0x13355f9ef3d67eef:0x8f303249a0bd6799!2m2!1d16.4415299!2d43.5102777!3e2?authuser=0&amp;entry=ttu\"><img loading=\"lazy\" decoding=\"async\" width=\"613\" height=\"435\" src=\"https:\/\/apartmanipetar.flavors.esy.es\/wp-content\/uploads\/2024\/01\/SlikaMU8.png\" alt=\"\" class=\"wp-image-478\" style=\"width:133px\" srcset=\"https:\/\/apartmanipetar.flavors.esy.es\/wp-content\/uploads\/2024\/01\/SlikaMU8.png 613w, https:\/\/apartmanipetar.flavors.esy.es\/wp-content\/uploads\/2024\/01\/SlikaMU8-300x213.png 300w\" sizes=\"(max-width: 613px) 100vw, 613px\" \/><\/a><\/figure>\n<\/div>\n<\/div>\n\n\n\n<p class=\"has-text-align-center\"><strong>Croatian Maritime Museum<\/strong> <strong>Split<\/strong>, <strong>Glagolja\u0161ka 18, (9 min walk)<\/strong> <\/p>\n\n\n\n<div class=\"wp-block-columns are-vertically-aligned-center is-not-stacked-on-mobile is-layout-flex wp-container-core-columns-layout-5 wp-block-columns-is-layout-flex\">\n<div class=\"wp-block-column is-vertically-aligned-center is-layout-flow wp-block-column-is-layout-flow\">\n<figure class=\"wp-block-image aligncenter size-full is-resized\"><a href=\"https:\/\/www.google.com\/maps\/dir\/Vickotina+ulica+13,+21000,+Split\/Hrvatski+pomorski+muzej,+Glagolja%C5%A1ka+ulica,+Split\/@43.5081309,16.444421,17.5z\/data=!4m14!4m13!1m5!1m1!1s0x13355e010a0bdb8d:0x82b9a9abfc20b2ff!2m2!1d16.4447052!2d43.5071178!1m5!1m1!1s0x13355e03f8aa1109:0x7e5d485bcbe83f9c!2m2!1d16.4472817!2d43.5090486!3e2?authuser=0&amp;entry=ttu\"><img loading=\"lazy\" decoding=\"async\" width=\"585\" height=\"451\" src=\"https:\/\/apartmanipetar.flavors.esy.es\/wp-content\/uploads\/2024\/01\/SlikaMU9.png\" alt=\"\" class=\"wp-image-481\" style=\"width:133px\" srcset=\"https:\/\/apartmanipetar.flavors.esy.es\/wp-content\/uploads\/2024\/01\/SlikaMU9.png 585w, https:\/\/apartmanipetar.flavors.esy.es\/wp-content\/uploads\/2024\/01\/SlikaMU9-300x231.png 300w\" sizes=\"(max-width: 585px) 100vw, 585px\" \/><\/a><\/figure>\n<\/div>\n\n\n\n<div class=\"wp-block-column is-vertically-aligned-center is-layout-flow wp-block-column-is-layout-flow\">\n<figure class=\"wp-block-image aligncenter size-large is-resized\"><a href=\"https:\/\/hpms.hr\/en\/\"><img loading=\"lazy\" decoding=\"async\" width=\"1024\" height=\"1024\" src=\"https:\/\/apartmanipetar.flavors.esy.es\/wp-content\/uploads\/2024\/01\/SlikaMU10-1024x1024.png\" alt=\"\" class=\"wp-image-482\" style=\"width:122px\" srcset=\"https:\/\/apartmanipetar.flavors.esy.es\/wp-content\/uploads\/2024\/01\/SlikaMU10-1024x1024.png 1024w, https:\/\/apartmanipetar.flavors.esy.es\/wp-content\/uploads\/2024\/01\/SlikaMU10-300x300.png 300w, https:\/\/apartmanipetar.flavors.esy.es\/wp-content\/uploads\/2024\/01\/SlikaMU10-150x150.png 150w, https:\/\/apartmanipetar.flavors.esy.es\/wp-content\/uploads\/2024\/01\/SlikaMU10-768x768.png 768w, https:\/\/apartmanipetar.flavors.esy.es\/wp-content\/uploads\/2024\/01\/SlikaMU10.png 1160w\" sizes=\"(max-width: 1024px) 100vw, 1024px\" \/><\/a><\/figure>\n<\/div>\n<\/div>\n\n\n\n<p class=\"has-text-align-center\"><strong>Museum of Illusions Split<\/strong>, <strong>Andrije Ka\u010di\u0107a Mio\u0161i\u0107a 2, (11 min walk)<\/strong><\/p>\n\n\n\n<div class=\"wp-block-columns are-vertically-aligned-center is-not-stacked-on-mobile is-layout-flex wp-container-core-columns-layout-6 wp-block-columns-is-layout-flex\">\n<div class=\"wp-block-column is-vertically-aligned-center is-layout-flow wp-block-column-is-layout-flow\">\n<figure class=\"wp-block-image aligncenter size-large is-resized\"><a href=\"https:\/\/split.muzejiluzija.com\/en\/\"><img loading=\"lazy\" decoding=\"async\" width=\"1024\" height=\"1024\" src=\"https:\/\/apartmanipetar.flavors.esy.es\/wp-content\/uploads\/2024\/01\/SlikaMU12-1024x1024.png\" alt=\"\" class=\"wp-image-486\" style=\"width:122px\" srcset=\"https:\/\/apartmanipetar.flavors.esy.es\/wp-content\/uploads\/2024\/01\/SlikaMU12-1024x1024.png 1024w, https:\/\/apartmanipetar.flavors.esy.es\/wp-content\/uploads\/2024\/01\/SlikaMU12-300x300.png 300w, https:\/\/apartmanipetar.flavors.esy.es\/wp-content\/uploads\/2024\/01\/SlikaMU12-150x150.png 150w, https:\/\/apartmanipetar.flavors.esy.es\/wp-content\/uploads\/2024\/01\/SlikaMU12-768x768.png 768w, https:\/\/apartmanipetar.flavors.esy.es\/wp-content\/uploads\/2024\/01\/SlikaMU12.png 1155w\" sizes=\"(max-width: 1024px) 100vw, 1024px\" \/><\/a><\/figure>\n<\/div>\n\n\n\n<div class=\"wp-block-column is-vertically-aligned-center is-layout-flow wp-block-column-is-layout-flow\">\n<figure class=\"wp-block-image aligncenter size-full is-resized\"><a href=\"https:\/\/www.google.com\/maps\/dir\/Vickotina+ulica+13,+21000,+Split\/Muzej+iluzija,+Ulica+Andrije+Ka%C4%8Di%C4%87a+Mio%C5%A1i%C4%87a,+Split\/@43.5084883,16.4400943,16.5z\/data=!4m14!4m13!1m5!1m1!1s0x13355e010a0bdb8d:0x82b9a9abfc20b2ff!2m2!1d16.4447052!2d43.5071178!1m5!1m1!1s0x13355d4545625ceb:0xad9bbb719928363a!2m2!1d16.4392463!2d43.5109428!3e2?authuser=0&amp;entry=ttu\"><img loading=\"lazy\" decoding=\"async\" width=\"541\" height=\"431\" src=\"https:\/\/apartmanipetar.flavors.esy.es\/wp-content\/uploads\/2024\/01\/SlikaMU11.png\" alt=\"\" class=\"wp-image-487\" style=\"width:133px\" srcset=\"https:\/\/apartmanipetar.flavors.esy.es\/wp-content\/uploads\/2024\/01\/SlikaMU11.png 541w, https:\/\/apartmanipetar.flavors.esy.es\/wp-content\/uploads\/2024\/01\/SlikaMU11-300x239.png 300w\" sizes=\"(max-width: 541px) 100vw, 541px\" \/><\/a><\/figure>\n<\/div>\n<\/div>\n\n\n\n<div class=\"wp-block-buttons is-content-justification-center is-layout-flex wp-container-core-buttons-layout-1 wp-block-buttons-is-layout-flex\">\n<div class=\"wp-block-button has-custom-width wp-block-button__width-50\"><a class=\"wp-block-button__link has-text-align-center wp-element-button\" href=\"http:\/\/apartmanipetar.flavors.esy.es\/index.php\/en\/menu-4\/\">Menu<\/a><\/div>\n<\/div>\n","protected":false},"excerpt":{"rendered":"<p>Museum of the city of Split , Papali\u0107eva 1, (8 min walk) Ethnographic Museum Split, Iza vestibula 4, (9 min walk) Game of trones museum Split, &nbsp;Bosanska ulica 9, (9 min walk) Diocletians Dream (VR Experience), Zagreba\u010dka ulica 1, 21000, Split, (7 min walk) Croatian Maritime Museum Split, Glagolja\u0161ka 18, (9 min walk) Museum of [&hellip;]<\/p>\n","protected":false},"author":2,"featured_media":0,"parent":0,"menu_order":0,"comment_status":"closed","ping_status":"closed","template":"","meta":{"footnotes":""},"_links":{"self":[{"href":"https:\/\/apartmanipetar.flavors.esy.es\/index.php\/wp-json\/wp\/v2\/pages\/1492"}],"collection":[{"href":"https:\/\/apartmanipetar.flavors.esy.es\/index.php\/wp-json\/wp\/v2\/pages"}],"about":[{"href":"https:\/\/apartmanipetar.flavors.esy.es\/index.php\/wp-json\/wp\/v2\/types\/page"}],"author":[{"embeddable":true,"href":"https:\/\/apartmanipetar.flavors.esy.es\/index.php\/wp-json\/wp\/v2\/users\/2"}],"replies":[{"embeddable":true,"href":"https:\/\/apartmanipetar.flavors.esy.es\/index.php\/wp-json\/wp\/v2\/comments?post=1492"}],"version-history":[{"count":2,"href":"https:\/\/apartmanipetar.flavors.esy.es\/index.php\/wp-json\/wp\/v2\/pages\/1492\/revisions"}],"predecessor-version":[{"id":1533,"href":"https:\/\/apartmanipetar.flavors.esy.es\/index.php\/wp-json\/wp\/v2\/pages\/1492\/revisions\/1533"}],"wp:attachment":[{"href":"https:\/\/apartmanipetar.flavors.esy.es\/index.php\/wp-json\/wp\/v2\/media?parent=1492"}],"curies":[{"name":"wp","href":"https:\/\/api.w.org\/{rel}","templated":true}]}}