{"id":7,"date":"2024-01-05T11:55:09","date_gmt":"2024-01-05T11:55:09","guid":{"rendered":"https:\/\/apartmanipetar.flavors.esy.es\/?page_id=7"},"modified":"2024-04-06T13:24:23","modified_gmt":"2024-04-06T13:24:23","slug":"pocetna","status":"publish","type":"page","link":"https:\/\/apartmanipetar.flavors.esy.es\/index.php\/pocetna\/","title":{"rendered":"Izbornik"},"content":{"rendered":"\n<div class=\"wp-block-group alignwide has-global-padding is-layout-constrained wp-block-group-is-layout-constrained\">\n<p class=\"has-text-align-center\">Hvala Vam \u0161to ste odabrali Studio apartman Petar za&nbsp; va\u0161 smje\u0161taj&nbsp;tijekom boravka u Splitu. <\/p>\n\n\n\n<p class=\"has-text-align-center\">Pripremili smo vam nekoliko informacija za koje mislimo da bi vam mogle biti od pomo\u0107i. &nbsp;<\/p>\n\n\n\n<p class=\"has-text-align-center\">Nadam se da \u0107ete u\u017eivati i sa sobom ponijeti nezaboravne uspomene iz na\u0161eg prekrasnog grada.<\/p>\n\n\n\n<h3 class=\"wp-block-heading has-text-align-center has-text-color has-link-color wp-elements-c32bc40838441e2fa2eff88d7519cd89\" style=\"color:#262151\"><strong>Mre\u017ea:\u00a0<mark style=\"background-color:rgba(0, 0, 0, 0);color:#1b1bc7\" class=\"has-inline-color\">petar<\/mark><\/strong><br><strong>Lozinka:\u00a0<mark style=\"background-color:rgba(0, 0, 0, 0);color:#1b1bc7\" class=\"has-inline-color\">gspvi2006<\/mark><\/strong> <br><strong>Kontakt:\u00a0<mark style=\"background-color:rgba(0, 0, 0, 0);color:#1b1bc7\" class=\"has-inline-color\">+385 95 909 4275<\/mark><br>Kontakt osoba:\u00a0<mark style=\"background-color:rgba(0, 0, 0, 0);color:#1b1bc7\" class=\"has-inline-color\">Slaven<\/mark><\/strong><\/h3>\n\n\n\n<div class=\"wp-block-buttons alignwide has-custom-font-size has-large-font-size is-content-justification-center is-layout-flex wp-container-core-buttons-layout-1 wp-block-buttons-is-layout-flex\">\n<div class=\"wp-block-button\"><a class=\"wp-block-button__link wp-element-button\" href=\"http:\/\/apartmanipetar.flavors.esy.es\/index.php\/izaberi-jezik\/\">Po\u010detna<\/a><\/div>\n<\/div>\n<\/div>\n\n\n\n<div class=\"wp-block-columns are-vertically-aligned-bottom is-layout-flex wp-container-core-columns-layout-1 wp-block-columns-is-layout-flex\">\n<div class=\"wp-block-column is-vertically-aligned-bottom is-layout-flow wp-block-column-is-layout-flow\">\n<div class=\"wp-block-buttons is-content-justification-center is-layout-flex wp-container-core-buttons-layout-2 wp-block-buttons-is-layout-flex\">\n<div class=\"wp-block-button\"><a class=\"wp-block-button__link wp-element-button\" href=\"https:\/\/apartmanipetar.flavors.esy.es\/index.php\/pocetna\/napomene-za-koristenje-opreme-i-aparata\/\">Oprema<\/a><\/div>\n\n\n\n<div class=\"wp-block-button\"><a class=\"wp-block-button__link wp-element-button\" href=\"http:\/\/apartmanipetar.flavors.esy.es\/index.php\/ako-zelite-dasak-autenticnosti\/\">Restorani<\/a><\/div>\n\n\n\n<div class=\"wp-block-button\"><a class=\"wp-block-button__link wp-element-button\" href=\"http:\/\/apartmanipetar.flavors.esy.es\/index.php\/izleti-2\/\">Izleti<\/a><\/div>\n\n\n\n<div class=\"wp-block-button\"><a class=\"wp-block-button__link wp-element-button\" href=\"http:\/\/apartmanipetar.flavors.esy.es\/index.php\/muzeji-u-blizini\/\">Muzeji<\/a><\/div>\n\n\n\n<div class=\"wp-block-button\"><a class=\"wp-block-button__link wp-element-button\" href=\"http:\/\/apartmanipetar.flavors.esy.es\/index.php\/rent-a-car\/\">Rent a Car<\/a><\/div>\n<\/div>\n<\/div>\n\n\n\n<div class=\"wp-block-column is-vertically-aligned-bottom is-layout-flow wp-block-column-is-layout-flow\">\n<div class=\"wp-block-buttons is-content-justification-center is-layout-flex wp-container-core-buttons-layout-3 wp-block-buttons-is-layout-flex\">\n<div class=\"wp-block-button\"><a class=\"wp-block-button__link wp-element-button\" href=\"http:\/\/apartmanipetar.flavors.esy.es\/index.php\/izleti\/\">Trajekti<\/a><\/div>\n\n\n\n<div class=\"wp-block-button\"><a class=\"wp-block-button__link wp-element-button\" href=\"http:\/\/apartmanipetar.flavors.esy.es\/index.php\/taxi\/\">Taxi<\/a><\/div>\n\n\n\n<div class=\"wp-block-button\"><a class=\"wp-block-button__link wp-element-button\" href=\"http:\/\/apartmanipetar.flavors.esy.es\/index.php\/prtljaga\/\">Prtljaga<\/a><\/div>\n<\/div>\n<\/div>\n<\/div>\n","protected":false},"excerpt":{"rendered":"<p>Hvala Vam \u0161to ste odabrali Studio apartman Petar za&nbsp; va\u0161 smje\u0161taj&nbsp;tijekom boravka u Splitu. Pripremili smo vam nekoliko informacija za koje mislimo da bi vam mogle biti od pomo\u0107i. &nbsp; Nadam se da \u0107ete u\u017eivati i sa sobom ponijeti nezaboravne uspomene iz na\u0161eg prekrasnog grada. Mre\u017ea:\u00a0petarLozinka:\u00a0gspvi2006 Kontakt:\u00a0+385 95 909 4275Kontakt osoba:\u00a0Slaven<\/p>\n","protected":false},"author":1,"featured_media":0,"parent":0,"menu_order":0,"comment_status":"closed","ping_status":"closed","template":"page-no-title","meta":{"footnotes":""},"_links":{"self":[{"href":"https:\/\/apartmanipetar.flavors.esy.es\/index.php\/wp-json\/wp\/v2\/pages\/7"}],"collection":[{"href":"https:\/\/apartmanipetar.flavors.esy.es\/index.php\/wp-json\/wp\/v2\/pages"}],"about":[{"href":"https:\/\/apartmanipetar.flavors.esy.es\/index.php\/wp-json\/wp\/v2\/types\/page"}],"author":[{"embeddable":true,"href":"https:\/\/apartmanipetar.flavors.esy.es\/index.php\/wp-json\/wp\/v2\/users\/1"}],"replies":[{"embeddable":true,"href":"https:\/\/apartmanipetar.flavors.esy.es\/index.php\/wp-json\/wp\/v2\/comments?post=7"}],"version-history":[{"count":27,"href":"https:\/\/apartmanipetar.flavors.esy.es\/index.php\/wp-json\/wp\/v2\/pages\/7\/revisions"}],"predecessor-version":[{"id":1445,"href":"https:\/\/apartmanipetar.flavors.esy.es\/index.php\/wp-json\/wp\/v2\/pages\/7\/revisions\/1445"}],"wp:attachment":[{"href":"https:\/\/apartmanipetar.flavors.esy.es\/index.php\/wp-json\/wp\/v2\/media?parent=7"}],"curies":[{"name":"wp","href":"https:\/\/api.w.org\/{rel}","templated":true}]}}